{"id":1151,"date":"2022-01-14T10:08:32","date_gmt":"2022-01-14T10:08:32","guid":{"rendered":"https:\/\/www.allaccessability.it\/servicios\/"},"modified":"2022-06-10T12:48:12","modified_gmt":"2022-06-10T12:48:12","slug":"servicios","status":"publish","type":"page","link":"https:\/\/www.allaccessability.it\/es\/servicios\/","title":{"rendered":"Servicios"},"content":{"rendered":"\t\t<div data-elementor-type=\"wp-page\" data-elementor-id=\"1151\" class=\"elementor elementor-1151 elementor-29\">\n\t\t\t\t\t\t\t\t\t<section class=\"elementor-section elementor-top-section elementor-element elementor-element-966b0f9 elementor-section-boxed elementor-section-height-default elementor-section-height-default\" data-id=\"966b0f9\" data-element_type=\"section\">\n\t\t\t\t\t\t<div class=\"elementor-container elementor-column-gap-default\">\n\t\t\t\t\t<div class=\"elementor-column elementor-col-50 elementor-top-column elementor-element elementor-element-c5c24d5\" data-id=\"c5c24d5\" data-element_type=\"column\">\n\t\t\t<div class=\"elementor-widget-wrap elementor-element-populated\">\n\t\t\t\t\t\t\t\t<div class=\"elementor-element elementor-element-1cac0cd elementor-widget elementor-widget-image\" data-id=\"1cac0cd\" data-element_type=\"widget\" data-widget_type=\"image.default\">\n\t\t\t\t<div class=\"elementor-widget-container\">\n\t\t\t<style>\/*! elementor - v3.8.1 - 13-11-2022 *\/\n.elementor-widget-image{text-align:center}.elementor-widget-image a{display:inline-block}.elementor-widget-image a img[src$=\".svg\"]{width:48px}.elementor-widget-image img{vertical-align:middle;display:inline-block}<\/style>\t\t\t\t\t\t\t\t\t\t\t\t\t<a href=\"https:\/\/www.allaccessability.it\/es\/?page_id=1207\">\n\t\t\t\t\t\t\t<img decoding=\"async\" width=\"1920\" height=\"1080\" src=\"https:\/\/www.allaccessability.it\/wp-content\/uploads\/2022\/04\/All-Access-Ability_Bedroom_R02.jpg\" class=\"attachment-full size-full\" alt=\"\" loading=\"lazy\" srcset=\"https:\/\/www.allaccessability.it\/wp-content\/uploads\/2022\/04\/All-Access-Ability_Bedroom_R02.jpg 1920w, https:\/\/www.allaccessability.it\/wp-content\/uploads\/2022\/04\/All-Access-Ability_Bedroom_R02-300x169.jpg 300w, https:\/\/www.allaccessability.it\/wp-content\/uploads\/2022\/04\/All-Access-Ability_Bedroom_R02-1024x576.jpg 1024w, https:\/\/www.allaccessability.it\/wp-content\/uploads\/2022\/04\/All-Access-Ability_Bedroom_R02-768x432.jpg 768w, https:\/\/www.allaccessability.it\/wp-content\/uploads\/2022\/04\/All-Access-Ability_Bedroom_R02-1536x864.jpg 1536w\" sizes=\"(max-width: 1920px) 100vw, 1920px\" \/>\t\t\t\t\t\t\t\t<\/a>\n\t\t\t\t\t\t\t\t\t\t\t\t\t\t\t<\/div>\n\t\t\t\t<\/div>\n\t\t\t\t\t<\/div>\n\t\t<\/div>\n\t\t\t\t<div class=\"elementor-column elementor-col-50 elementor-top-column elementor-element elementor-element-802d81a\" data-id=\"802d81a\" data-element_type=\"column\">\n\t\t\t<div class=\"elementor-widget-wrap elementor-element-populated\">\n\t\t\t\t\t\t\t\t<div class=\"elementor-element elementor-element-58069f4 elementor-widget elementor-widget-heading\" data-id=\"58069f4\" data-element_type=\"widget\" data-widget_type=\"heading.default\">\n\t\t\t\t<div class=\"elementor-widget-container\">\n\t\t\t<style>\/*! elementor - v3.8.1 - 13-11-2022 *\/\n.elementor-heading-title{padding:0;margin:0;line-height:1}.elementor-widget-heading .elementor-heading-title[class*=elementor-size-]>a{color:inherit;font-size:inherit;line-height:inherit}.elementor-widget-heading .elementor-heading-title.elementor-size-small{font-size:15px}.elementor-widget-heading .elementor-heading-title.elementor-size-medium{font-size:19px}.elementor-widget-heading .elementor-heading-title.elementor-size-large{font-size:29px}.elementor-widget-heading .elementor-heading-title.elementor-size-xl{font-size:39px}.elementor-widget-heading .elementor-heading-title.elementor-size-xxl{font-size:59px}<\/style><h2 class=\"elementor-heading-title elementor-size-default\">HOTEL<\/h2>\t\t<\/div>\n\t\t\t\t<\/div>\n\t\t\t\t<div class=\"elementor-element elementor-element-5de9549 elementor-widget elementor-widget-text-editor\" data-id=\"5de9549\" data-element_type=\"widget\" data-widget_type=\"text-editor.default\">\n\t\t\t\t<div class=\"elementor-widget-container\">\n\t\t\t<style>\/*! elementor - v3.8.1 - 13-11-2022 *\/\n.elementor-widget-text-editor.elementor-drop-cap-view-stacked .elementor-drop-cap{background-color:#818a91;color:#fff}.elementor-widget-text-editor.elementor-drop-cap-view-framed .elementor-drop-cap{color:#818a91;border:3px solid;background-color:transparent}.elementor-widget-text-editor:not(.elementor-drop-cap-view-default) .elementor-drop-cap{margin-top:8px}.elementor-widget-text-editor:not(.elementor-drop-cap-view-default) .elementor-drop-cap-letter{width:1em;height:1em}.elementor-widget-text-editor .elementor-drop-cap{float:left;text-align:center;line-height:1;font-size:50px}.elementor-widget-text-editor .elementor-drop-cap-letter{display:inline-block}<\/style>\t\t\t\t<p><span style=\"color: #000000; font-family: Lato; font-size: 18px; font-weight: 400; text-align: center;\">Dise\u00f1ar espacios que puedan ser utilizados por todos significa hacer un uso flexible de cualquier entorno de hosteler\u00eda.<\/span><\/p>\t\t\t\t\t\t<\/div>\n\t\t\t\t<\/div>\n\t\t\t\t\t<\/div>\n\t\t<\/div>\n\t\t\t\t\t\t\t<\/div>\n\t\t<\/section>\n\t\t\t\t<section class=\"elementor-section elementor-top-section elementor-element elementor-element-25751a6 elementor-section-boxed elementor-section-height-default elementor-section-height-default\" data-id=\"25751a6\" data-element_type=\"section\">\n\t\t\t\t\t\t<div class=\"elementor-container elementor-column-gap-default\">\n\t\t\t\t\t<div class=\"elementor-column elementor-col-50 elementor-top-column elementor-element elementor-element-eb6bb0d\" data-id=\"eb6bb0d\" data-element_type=\"column\">\n\t\t\t<div class=\"elementor-widget-wrap elementor-element-populated\">\n\t\t\t\t\t\t\t\t<div class=\"elementor-element elementor-element-24c6f42 elementor-widget elementor-widget-heading\" data-id=\"24c6f42\" data-element_type=\"widget\" data-widget_type=\"heading.default\">\n\t\t\t\t<div class=\"elementor-widget-container\">\n\t\t\t<h2 class=\"elementor-heading-title elementor-size-default\">CASAS PRIVADAS<\/h2>\t\t<\/div>\n\t\t\t\t<\/div>\n\t\t\t\t<div class=\"elementor-element elementor-element-69af2a0 elementor-widget elementor-widget-text-editor\" data-id=\"69af2a0\" data-element_type=\"widget\" data-widget_type=\"text-editor.default\">\n\t\t\t\t<div class=\"elementor-widget-container\">\n\t\t\t\t\t\t\t<p><span style=\"color: #000000; font-family: Lato; font-size: 18px; font-weight: 400;\">Dise\u00f1amos entornos c\u00f3modos y elegantes para fomentar su autonom\u00eda y bienestar.<\/span><\/p>\t\t\t\t\t\t<\/div>\n\t\t\t\t<\/div>\n\t\t\t\t\t<\/div>\n\t\t<\/div>\n\t\t\t\t<div class=\"elementor-column elementor-col-50 elementor-top-column elementor-element elementor-element-4cdb85b\" data-id=\"4cdb85b\" data-element_type=\"column\">\n\t\t\t<div class=\"elementor-widget-wrap elementor-element-populated\">\n\t\t\t\t\t\t\t\t<div class=\"elementor-element elementor-element-7d60ed6 elementor-widget elementor-widget-image\" data-id=\"7d60ed6\" data-element_type=\"widget\" data-widget_type=\"image.default\">\n\t\t\t\t<div class=\"elementor-widget-container\">\n\t\t\t\t\t\t\t\t\t\t\t\t\t\t\t\t<a href=\"https:\/\/www.allaccessability.it\/es\/?page_id=1186\">\n\t\t\t\t\t\t\t<img decoding=\"async\" width=\"1920\" height=\"1080\" src=\"https:\/\/www.allaccessability.it\/wp-content\/uploads\/2022\/01\/All-Access-Ability_Bathroom_R04.png\" class=\"attachment-full size-full\" alt=\"\" loading=\"lazy\" srcset=\"https:\/\/www.allaccessability.it\/wp-content\/uploads\/2022\/01\/All-Access-Ability_Bathroom_R04.png 1920w, https:\/\/www.allaccessability.it\/wp-content\/uploads\/2022\/01\/All-Access-Ability_Bathroom_R04-300x169.png 300w, https:\/\/www.allaccessability.it\/wp-content\/uploads\/2022\/01\/All-Access-Ability_Bathroom_R04-1024x576.png 1024w, https:\/\/www.allaccessability.it\/wp-content\/uploads\/2022\/01\/All-Access-Ability_Bathroom_R04-768x432.png 768w, https:\/\/www.allaccessability.it\/wp-content\/uploads\/2022\/01\/All-Access-Ability_Bathroom_R04-1536x864.png 1536w\" sizes=\"(max-width: 1920px) 100vw, 1920px\" \/>\t\t\t\t\t\t\t\t<\/a>\n\t\t\t\t\t\t\t\t\t\t\t\t\t\t\t<\/div>\n\t\t\t\t<\/div>\n\t\t\t\t\t<\/div>\n\t\t<\/div>\n\t\t\t\t\t\t\t<\/div>\n\t\t<\/section>\n\t\t\t\t<section class=\"elementor-section elementor-top-section elementor-element elementor-element-097002e elementor-section-boxed elementor-section-height-default elementor-section-height-default\" data-id=\"097002e\" data-element_type=\"section\">\n\t\t\t\t\t\t<div class=\"elementor-container elementor-column-gap-default\">\n\t\t\t\t\t<div class=\"elementor-column elementor-col-50 elementor-top-column elementor-element elementor-element-53e43f9\" data-id=\"53e43f9\" data-element_type=\"column\">\n\t\t\t<div class=\"elementor-widget-wrap elementor-element-populated\">\n\t\t\t\t\t\t\t\t<div class=\"elementor-element elementor-element-c08e753 elementor-widget elementor-widget-image\" data-id=\"c08e753\" data-element_type=\"widget\" data-widget_type=\"image.default\">\n\t\t\t\t<div class=\"elementor-widget-container\">\n\t\t\t\t\t\t\t\t\t\t\t\t\t\t\t\t<a href=\"https:\/\/www.allaccessability.it\/es\/?page_id=1213\">\n\t\t\t\t\t\t\t<img decoding=\"async\" width=\"612\" height=\"344\" src=\"https:\/\/www.allaccessability.it\/wp-content\/uploads\/2022\/04\/reception.jpg\" class=\"attachment-full size-full\" alt=\"\" loading=\"lazy\" srcset=\"https:\/\/www.allaccessability.it\/wp-content\/uploads\/2022\/04\/reception.jpg 612w, https:\/\/www.allaccessability.it\/wp-content\/uploads\/2022\/04\/reception-300x169.jpg 300w\" sizes=\"(max-width: 612px) 100vw, 612px\" \/>\t\t\t\t\t\t\t\t<\/a>\n\t\t\t\t\t\t\t\t\t\t\t\t\t\t\t<\/div>\n\t\t\t\t<\/div>\n\t\t\t\t\t<\/div>\n\t\t<\/div>\n\t\t\t\t<div class=\"elementor-column elementor-col-50 elementor-top-column elementor-element elementor-element-fc2ec6d\" data-id=\"fc2ec6d\" data-element_type=\"column\">\n\t\t\t<div class=\"elementor-widget-wrap elementor-element-populated\">\n\t\t\t\t\t\t\t\t<div class=\"elementor-element elementor-element-5cd2f4c elementor-widget elementor-widget-heading\" data-id=\"5cd2f4c\" data-element_type=\"widget\" data-widget_type=\"heading.default\">\n\t\t\t\t<div class=\"elementor-widget-container\">\n\t\t\t<h2 class=\"elementor-heading-title elementor-size-default\">ESTUDIOS M\u00c9DICOS<\/h2>\t\t<\/div>\n\t\t\t\t<\/div>\n\t\t\t\t<div class=\"elementor-element elementor-element-62dcfd8 elementor-widget elementor-widget-text-editor\" data-id=\"62dcfd8\" data-element_type=\"widget\" data-widget_type=\"text-editor.default\">\n\t\t\t\t<div class=\"elementor-widget-container\">\n\t\t\t\t\t\t\t<p style=\"margin-right: 0px; margin-bottom: 0px; margin-left: 0px; color: #000000; font-family: 'Open Sans', sans-serif; font-weight: 400;\"><span class=\"style_1646384909724\" style=\"margin: 0px; max-height: 100000px; font-size: 18px; font-family: Lato;\">\u00abLa atenci\u00f3n m\u00e9dica no puedes epararse del edificio en elque tiene lugar. La calidad del espacio en estos edificios afecta al resultado de la atenci\u00f3n m\u00e9dica, <strong style=\"margin: 0px;\">por lo que el dise\u00f1o arquitect\u00f3nico es una parte importante del proceso de curaci\u00f3n\u00bb.<\/strong><\/span><\/p><p style=\"margin-right: 0px; margin-bottom: 0px; margin-left: 0px; color: #000000; font-family: 'Open Sans', sans-serif; font-weight: 400;\"><span class=\"style_1646384909724\" style=\"margin: 0px; max-height: 100000px; font-size: 18px; font-family: Lato;\">1995 Healing by Design (CR HORSBURGH)<\/span><\/p>\t\t\t\t\t\t<\/div>\n\t\t\t\t<\/div>\n\t\t\t\t\t<\/div>\n\t\t<\/div>\n\t\t\t\t\t\t\t<\/div>\n\t\t<\/section>\n\t\t\t\t<section class=\"elementor-section elementor-top-section elementor-element elementor-element-c934d7c elementor-section-boxed elementor-section-height-default elementor-section-height-default\" data-id=\"c934d7c\" data-element_type=\"section\">\n\t\t\t\t\t\t<div class=\"elementor-container elementor-column-gap-default\">\n\t\t\t\t\t<div class=\"elementor-column elementor-col-50 elementor-top-column elementor-element elementor-element-4494bd5\" data-id=\"4494bd5\" data-element_type=\"column\">\n\t\t\t<div class=\"elementor-widget-wrap elementor-element-populated\">\n\t\t\t\t\t\t\t\t<div class=\"elementor-element elementor-element-c4237a9 elementor-widget elementor-widget-heading\" data-id=\"c4237a9\" data-element_type=\"widget\" data-widget_type=\"heading.default\">\n\t\t\t\t<div class=\"elementor-widget-container\">\n\t\t\t<h2 class=\"elementor-heading-title elementor-size-default\">FORMACI\u00d3N<\/h2>\t\t<\/div>\n\t\t\t\t<\/div>\n\t\t\t\t<div class=\"elementor-element elementor-element-80294c0 elementor-widget elementor-widget-text-editor\" data-id=\"80294c0\" data-element_type=\"widget\" data-widget_type=\"text-editor.default\">\n\t\t\t\t<div class=\"elementor-widget-container\">\n\t\t\t\t\t\t\t<p><span style=\"color: #000000; font-family: Lato; font-size: 18px; font-weight: 400;\">Ante el reto de una sociedad inclusiva, es necesario preparar a los profesionales para los nuevos conceptos, planificar intervenciones eficaces, proponer la mejora de las competencias para todos y ofrecer oportunidades de adaptaci\u00f3n a las diferentes fases y ciclos vitales. <\/span><\/p>\t\t\t\t\t\t<\/div>\n\t\t\t\t<\/div>\n\t\t\t\t\t<\/div>\n\t\t<\/div>\n\t\t\t\t<div class=\"elementor-column elementor-col-50 elementor-top-column elementor-element elementor-element-8f484d9\" data-id=\"8f484d9\" data-element_type=\"column\">\n\t\t\t<div class=\"elementor-widget-wrap elementor-element-populated\">\n\t\t\t\t\t\t\t\t<div class=\"elementor-element elementor-element-0cb7dc0 elementor-widget elementor-widget-image\" data-id=\"0cb7dc0\" data-element_type=\"widget\" data-widget_type=\"image.default\">\n\t\t\t\t<div class=\"elementor-widget-container\">\n\t\t\t\t\t\t\t\t\t\t\t\t\t\t\t\t<a href=\"https:\/\/www.allaccessability.it\/es\/?page_id=1227\">\n\t\t\t\t\t\t\t<img decoding=\"async\" width=\"612\" height=\"408\" src=\"https:\/\/www.allaccessability.it\/wp-content\/uploads\/2022\/04\/uffici.jpg\" class=\"attachment-full size-full\" alt=\"\" loading=\"lazy\" srcset=\"https:\/\/www.allaccessability.it\/wp-content\/uploads\/2022\/04\/uffici.jpg 612w, https:\/\/www.allaccessability.it\/wp-content\/uploads\/2022\/04\/uffici-300x200.jpg 300w\" sizes=\"(max-width: 612px) 100vw, 612px\" \/>\t\t\t\t\t\t\t\t<\/a>\n\t\t\t\t\t\t\t\t\t\t\t\t\t\t\t<\/div>\n\t\t\t\t<\/div>\n\t\t\t\t\t<\/div>\n\t\t<\/div>\n\t\t\t\t\t\t\t<\/div>\n\t\t<\/section>\n\t\t\t\t<section class=\"elementor-section elementor-top-section elementor-element elementor-element-ff31f6e elementor-section-boxed elementor-section-height-default elementor-section-height-default\" data-id=\"ff31f6e\" data-element_type=\"section\">\n\t\t\t\t\t\t<div class=\"elementor-container elementor-column-gap-default\">\n\t\t\t\t\t<div class=\"elementor-column elementor-col-50 elementor-top-column elementor-element elementor-element-36bfdc2\" data-id=\"36bfdc2\" data-element_type=\"column\">\n\t\t\t<div class=\"elementor-widget-wrap elementor-element-populated\">\n\t\t\t\t\t\t\t\t<div class=\"elementor-element elementor-element-447b2b1 elementor-widget elementor-widget-image\" data-id=\"447b2b1\" data-element_type=\"widget\" data-widget_type=\"image.default\">\n\t\t\t\t<div class=\"elementor-widget-container\">\n\t\t\t\t\t\t\t\t\t\t\t\t\t\t\t\t<a href=\"https:\/\/www.allaccessability.it\/es\/?page_id=1208\">\n\t\t\t\t\t\t\t<img decoding=\"async\" width=\"612\" height=\"424\" src=\"https:\/\/www.allaccessability.it\/wp-content\/uploads\/2022\/04\/tecnologia.jpg\" class=\"attachment-full size-full\" alt=\"\" loading=\"lazy\" srcset=\"https:\/\/www.allaccessability.it\/wp-content\/uploads\/2022\/04\/tecnologia.jpg 612w, https:\/\/www.allaccessability.it\/wp-content\/uploads\/2022\/04\/tecnologia-300x208.jpg 300w\" sizes=\"(max-width: 612px) 100vw, 612px\" \/>\t\t\t\t\t\t\t\t<\/a>\n\t\t\t\t\t\t\t\t\t\t\t\t\t\t\t<\/div>\n\t\t\t\t<\/div>\n\t\t\t\t\t<\/div>\n\t\t<\/div>\n\t\t\t\t<div class=\"elementor-column elementor-col-50 elementor-top-column elementor-element elementor-element-a2ca4ba\" data-id=\"a2ca4ba\" data-element_type=\"column\">\n\t\t\t<div class=\"elementor-widget-wrap elementor-element-populated\">\n\t\t\t\t\t\t\t\t<div class=\"elementor-element elementor-element-b92588b elementor-widget elementor-widget-heading\" data-id=\"b92588b\" data-element_type=\"widget\" data-widget_type=\"heading.default\">\n\t\t\t\t<div class=\"elementor-widget-container\">\n\t\t\t<h2 class=\"elementor-heading-title elementor-size-default\">TECNOLOG\u00cdA<\/h2>\t\t<\/div>\n\t\t\t\t<\/div>\n\t\t\t\t<div class=\"elementor-element elementor-element-6b3f50e elementor-widget elementor-widget-text-editor\" data-id=\"6b3f50e\" data-element_type=\"widget\" data-widget_type=\"text-editor.default\">\n\t\t\t\t<div class=\"elementor-widget-container\">\n\t\t\t\t\t\t\t<p style=\"margin-right: 0px; margin-bottom: 0px; margin-left: 0px; color: #000000; font-family: 'Open Sans', sans-serif; font-weight: 400;\"><span style=\"font-family: Lato; font-size: 18px;\">AAA es capaz de hacer que todos los dispositivos y automatismos del hogar y la oficinaf ormen parte de un sistema inteligente al servicio de las personas.&nbsp;<\/span><br><\/p>\t\t\t\t\t\t<\/div>\n\t\t\t\t<\/div>\n\t\t\t\t\t<\/div>\n\t\t<\/div>\n\t\t\t\t\t\t\t<\/div>\n\t\t<\/section>\n\t\t\t\t\t\t\t<\/div>\n\t\t","protected":false},"excerpt":{"rendered":"<p>HOTEL Dise\u00f1ar espacios que puedan ser utilizados por todos significa hacer un uso flexible de cualquier entorno de hosteler\u00eda. CASAS PRIVADAS Dise\u00f1amos entornos c\u00f3modos y elegantes para fomentar su autonom\u00eda y bienestar. ESTUDIOS M\u00c9DICOS \u00abLa atenci\u00f3n m\u00e9dica no puedes epararse del edificio en elque tiene lugar. La calidad del espacio en estos edificios afecta al [&hellip;]<\/p>\n","protected":false},"author":2,"featured_media":0,"parent":0,"menu_order":0,"comment_status":"closed","ping_status":"closed","template":"elementor_header_footer","meta":[],"_links":{"self":[{"href":"https:\/\/www.allaccessability.it\/es\/wp-json\/wp\/v2\/pages\/1151"}],"collection":[{"href":"https:\/\/www.allaccessability.it\/es\/wp-json\/wp\/v2\/pages"}],"about":[{"href":"https:\/\/www.allaccessability.it\/es\/wp-json\/wp\/v2\/types\/page"}],"author":[{"embeddable":true,"href":"https:\/\/www.allaccessability.it\/es\/wp-json\/wp\/v2\/users\/2"}],"replies":[{"embeddable":true,"href":"https:\/\/www.allaccessability.it\/es\/wp-json\/wp\/v2\/comments?post=1151"}],"version-history":[{"count":4,"href":"https:\/\/www.allaccessability.it\/es\/wp-json\/wp\/v2\/pages\/1151\/revisions"}],"predecessor-version":[{"id":1248,"href":"https:\/\/www.allaccessability.it\/es\/wp-json\/wp\/v2\/pages\/1151\/revisions\/1248"}],"wp:attachment":[{"href":"https:\/\/www.allaccessability.it\/es\/wp-json\/wp\/v2\/media?parent=1151"}],"curies":[{"name":"wp","href":"https:\/\/api.w.org\/{rel}","templated":true}]}}