{"id":1207,"date":"2022-04-12T09:12:13","date_gmt":"2022-04-12T09:12:13","guid":{"rendered":"https:\/\/www.allaccessability.it\/servicios\/hoteles\/"},"modified":"2022-06-27T15:02:55","modified_gmt":"2022-06-27T15:02:55","slug":"hoteles","status":"publish","type":"page","link":"https:\/\/www.allaccessability.it\/es\/servicios\/hoteles\/","title":{"rendered":"Hotel"},"content":{"rendered":"\t\t<div data-elementor-type=\"wp-page\" data-elementor-id=\"1207\" class=\"elementor elementor-1207 elementor-785\">\n\t\t\t\t\t\t\t\t\t<section class=\"elementor-section elementor-top-section elementor-element elementor-element-117120f elementor-section-boxed elementor-section-height-default elementor-section-height-default\" data-id=\"117120f\" data-element_type=\"section\">\n\t\t\t\t\t\t<div class=\"elementor-container elementor-column-gap-default\">\n\t\t\t\t\t<div class=\"elementor-column elementor-col-50 elementor-top-column elementor-element elementor-element-640bdb6\" data-id=\"640bdb6\" data-element_type=\"column\">\n\t\t\t<div class=\"elementor-widget-wrap elementor-element-populated\">\n\t\t\t\t\t\t\t\t<div class=\"elementor-element elementor-element-9b8c661 elementor-widget elementor-widget-heading\" data-id=\"9b8c661\" data-element_type=\"widget\" data-widget_type=\"heading.default\">\n\t\t\t\t<div class=\"elementor-widget-container\">\n\t\t\t<style>\/*! elementor - v3.8.1 - 13-11-2022 *\/\n.elementor-heading-title{padding:0;margin:0;line-height:1}.elementor-widget-heading .elementor-heading-title[class*=elementor-size-]>a{color:inherit;font-size:inherit;line-height:inherit}.elementor-widget-heading .elementor-heading-title.elementor-size-small{font-size:15px}.elementor-widget-heading .elementor-heading-title.elementor-size-medium{font-size:19px}.elementor-widget-heading .elementor-heading-title.elementor-size-large{font-size:29px}.elementor-widget-heading .elementor-heading-title.elementor-size-xl{font-size:39px}.elementor-widget-heading .elementor-heading-title.elementor-size-xxl{font-size:59px}<\/style><h2 class=\"elementor-heading-title elementor-size-default\">HOTELES:  <br>Dise\u00f1amos entornos accesibles inclusivos y acogedores<\/h2>\t\t<\/div>\n\t\t\t\t<\/div>\n\t\t\t\t<div class=\"elementor-element elementor-element-9106398 elementor-widget elementor-widget-text-editor\" data-id=\"9106398\" data-element_type=\"widget\" data-widget_type=\"text-editor.default\">\n\t\t\t\t<div class=\"elementor-widget-container\">\n\t\t\t<style>\/*! elementor - v3.8.1 - 13-11-2022 *\/\n.elementor-widget-text-editor.elementor-drop-cap-view-stacked .elementor-drop-cap{background-color:#818a91;color:#fff}.elementor-widget-text-editor.elementor-drop-cap-view-framed .elementor-drop-cap{color:#818a91;border:3px solid;background-color:transparent}.elementor-widget-text-editor:not(.elementor-drop-cap-view-default) .elementor-drop-cap{margin-top:8px}.elementor-widget-text-editor:not(.elementor-drop-cap-view-default) .elementor-drop-cap-letter{width:1em;height:1em}.elementor-widget-text-editor .elementor-drop-cap{float:left;text-align:center;line-height:1;font-size:50px}.elementor-widget-text-editor .elementor-drop-cap-letter{display:inline-block}<\/style>\t\t\t\t<p><span class=\"style_1646384528329\" style=\"margin: 0px; max-height: 100000px; font-size: 17px; font-family: Lato; color: #000000; font-weight: 400; text-align: justify;\"><span class=\"style_1645628714529\" style=\"margin: 0px; max-height: 100000px; font-family: 'Open Sans', sans-serif;\"><span class=\"style_1646384528329\" style=\"margin: 0px; max-height: 100000px; font-family: Lato;\"><strong style=\"margin: 0px;\"><span class=\"style_1646384528329\" style=\"margin: 0px; max-height: 100000px;\"><span class=\"style_1646384528329\" style=\"margin: 0px; max-height: 100000px;\">Dise\u00f1ar espacios que puedan ser utilizados por todos significa hacer un uso flexible de cualquier entorno de hosteler\u00eda.<\/span><\/span><\/strong><\/span><\/span><br style=\"margin: 0px;\"><span class=\"style_1646384528329\" style=\"margin: 0px; max-height: 100000px;\"><span class=\"style_1646384528329\" style=\"margin: 0px; max-height: 100000px;\"><span class=\"style_1646384528329\" style=\"margin: 0px; max-height: 100000px;\">Impulsados por la investigaci\u00f3n continua, creamos entornos en los que el dise\u00f1o y la innovaci\u00f3n se unen para crear espacios universalmente atractivos.<\/span><\/span><span class=\"style_1646384528329\" style=\"margin: 0px; max-height: 100000px;\"><span class=\"style_1646384528329\" style=\"margin: 0px; max-height: 100000px;\">Una mejor experiencia del cliente aumenta los \u00edndices de ocupaci\u00f3n.<\/span><\/span><\/span><\/span><br style=\"margin: 0px; color: #000000; font-family: Lato; font-size: 17px; font-weight: 400; text-align: justify;\"><span class=\"style_1646384528329\" style=\"margin: 0px; max-height: 100000px; font-size: 17px; font-family: Lato; color: #000000; font-weight: 400; text-align: justify;\"><span class=\"style_1646384528329\" style=\"margin: 0px; max-height: 100000px;\"><span class=\"style_1646384528329\" style=\"margin: 0px; max-height: 100000px;\">Desde el check-in hasta el dise\u00f1o de los principios de acceso adecuados para restaurantes, pasillos y ascensores, nuestro equipo le acompa\u00f1ar\u00e1 en el dise\u00f1o y la selecci\u00f3n de los productos m\u00e1s adecuados para cualquier entorno de hosteler\u00eda.<\/span><\/span><\/span><\/p>\t\t\t\t\t\t<\/div>\n\t\t\t\t<\/div>\n\t\t\t\t\t<\/div>\n\t\t<\/div>\n\t\t\t\t<div class=\"elementor-column elementor-col-50 elementor-top-column elementor-element elementor-element-9224d1c\" data-id=\"9224d1c\" data-element_type=\"column\">\n\t\t\t<div class=\"elementor-widget-wrap elementor-element-populated\">\n\t\t\t\t\t\t\t\t<div class=\"elementor-element elementor-element-cf02e83 elementor-widget elementor-widget-image\" data-id=\"cf02e83\" data-element_type=\"widget\" data-widget_type=\"image.default\">\n\t\t\t\t<div class=\"elementor-widget-container\">\n\t\t\t<style>\/*! elementor - v3.8.1 - 13-11-2022 *\/\n.elementor-widget-image{text-align:center}.elementor-widget-image a{display:inline-block}.elementor-widget-image a img[src$=\".svg\"]{width:48px}.elementor-widget-image img{vertical-align:middle;display:inline-block}<\/style>\t\t\t\t\t\t\t\t\t\t\t\t<img decoding=\"async\" width=\"1920\" height=\"1080\" src=\"https:\/\/www.allaccessability.it\/wp-content\/uploads\/2022\/04\/All-Access-Ability_Bedroom_R02.jpg\" class=\"attachment-full size-full\" alt=\"\" loading=\"lazy\" srcset=\"https:\/\/www.allaccessability.it\/wp-content\/uploads\/2022\/04\/All-Access-Ability_Bedroom_R02.jpg 1920w, https:\/\/www.allaccessability.it\/wp-content\/uploads\/2022\/04\/All-Access-Ability_Bedroom_R02-300x169.jpg 300w, https:\/\/www.allaccessability.it\/wp-content\/uploads\/2022\/04\/All-Access-Ability_Bedroom_R02-1024x576.jpg 1024w, https:\/\/www.allaccessability.it\/wp-content\/uploads\/2022\/04\/All-Access-Ability_Bedroom_R02-768x432.jpg 768w, https:\/\/www.allaccessability.it\/wp-content\/uploads\/2022\/04\/All-Access-Ability_Bedroom_R02-1536x864.jpg 1536w\" sizes=\"(max-width: 1920px) 100vw, 1920px\" \/>\t\t\t\t\t\t\t\t\t\t\t\t\t\t\t<\/div>\n\t\t\t\t<\/div>\n\t\t\t\t\t<\/div>\n\t\t<\/div>\n\t\t\t\t\t\t\t<\/div>\n\t\t<\/section>\n\t\t\t\t<section class=\"elementor-section elementor-top-section elementor-element elementor-element-3be9f35 elementor-section-boxed elementor-section-height-default elementor-section-height-default\" data-id=\"3be9f35\" data-element_type=\"section\">\n\t\t\t\t\t\t<div class=\"elementor-container elementor-column-gap-default\">\n\t\t\t\t\t<div class=\"elementor-column elementor-col-50 elementor-top-column elementor-element elementor-element-d5ba14d\" data-id=\"d5ba14d\" data-element_type=\"column\">\n\t\t\t<div class=\"elementor-widget-wrap elementor-element-populated\">\n\t\t\t\t\t\t\t\t<div class=\"elementor-element elementor-element-592ca95 elementor-widget elementor-widget-image\" data-id=\"592ca95\" data-element_type=\"widget\" data-widget_type=\"image.default\">\n\t\t\t\t<div class=\"elementor-widget-container\">\n\t\t\t\t\t\t\t\t\t\t\t\t\t\t\t<img decoding=\"async\" width=\"1920\" height=\"1920\" src=\"https:\/\/www.allaccessability.it\/wp-content\/uploads\/2022\/04\/All-Access-Ability_Bedroom_Zoom02_R01.jpg\" class=\"attachment-full size-full\" alt=\"\" loading=\"lazy\" srcset=\"https:\/\/www.allaccessability.it\/wp-content\/uploads\/2022\/04\/All-Access-Ability_Bedroom_Zoom02_R01.jpg 1920w, https:\/\/www.allaccessability.it\/wp-content\/uploads\/2022\/04\/All-Access-Ability_Bedroom_Zoom02_R01-300x300.jpg 300w, https:\/\/www.allaccessability.it\/wp-content\/uploads\/2022\/04\/All-Access-Ability_Bedroom_Zoom02_R01-1024x1024.jpg 1024w, https:\/\/www.allaccessability.it\/wp-content\/uploads\/2022\/04\/All-Access-Ability_Bedroom_Zoom02_R01-150x150.jpg 150w, https:\/\/www.allaccessability.it\/wp-content\/uploads\/2022\/04\/All-Access-Ability_Bedroom_Zoom02_R01-768x768.jpg 768w, https:\/\/www.allaccessability.it\/wp-content\/uploads\/2022\/04\/All-Access-Ability_Bedroom_Zoom02_R01-1536x1536.jpg 1536w\" sizes=\"(max-width: 1920px) 100vw, 1920px\" \/>\t\t\t\t\t\t\t\t\t\t\t\t\t\t\t<\/div>\n\t\t\t\t<\/div>\n\t\t\t\t\t<\/div>\n\t\t<\/div>\n\t\t\t\t<div class=\"elementor-column elementor-col-50 elementor-top-column elementor-element elementor-element-9091568\" data-id=\"9091568\" data-element_type=\"column\">\n\t\t\t<div class=\"elementor-widget-wrap elementor-element-populated\">\n\t\t\t\t\t\t\t\t<div class=\"elementor-element elementor-element-6363600 elementor-widget elementor-widget-text-editor\" data-id=\"6363600\" data-element_type=\"widget\" data-widget_type=\"text-editor.default\">\n\t\t\t\t<div class=\"elementor-widget-container\">\n\t\t\t\t\t\t\t<p><span class=\"style_1646384528329\" style=\"margin: 0px; max-height: 100000px; font-size: 17px; font-family: Lato; color: #000000; font-weight: 400; text-align: justify;\"><strong style=\"margin: 0px;\">Iluminaci\u00f3n<\/strong> de riel que se integra en el revestimiento de la pared.<\/span><br style=\"margin: 0px; color: #000000; font-family: Lato; font-size: 17px; font-weight: 400; text-align: justify;\"><span class=\"style_1646384528329\" style=\"margin: 0px; max-height: 100000px; font-size: 17px; font-family: Lato; color: #000000; font-weight: 400; text-align: justify;\"><span class=\"style_1646384528329\" style=\"margin: 0px; max-height: 100000px;\">Esta iluminaci\u00f3n, combinada con sensores de inteligencia artificial, puede encenderse por orden de voz y cambiar de color en caso de peligro en el edificio.<\/span><\/span><\/p>\t\t\t\t\t\t<\/div>\n\t\t\t\t<\/div>\n\t\t\t\t\t<\/div>\n\t\t<\/div>\n\t\t\t\t\t\t\t<\/div>\n\t\t<\/section>\n\t\t\t\t<section class=\"elementor-section elementor-top-section elementor-element elementor-element-8399878 elementor-section-boxed elementor-section-height-default elementor-section-height-default\" data-id=\"8399878\" data-element_type=\"section\">\n\t\t\t\t\t\t<div class=\"elementor-container elementor-column-gap-default\">\n\t\t\t\t\t<div class=\"elementor-column elementor-col-50 elementor-top-column elementor-element elementor-element-41fc881\" data-id=\"41fc881\" data-element_type=\"column\">\n\t\t\t<div class=\"elementor-widget-wrap elementor-element-populated\">\n\t\t\t\t\t\t\t\t<div class=\"elementor-element elementor-element-2d4985d elementor-widget elementor-widget-image\" data-id=\"2d4985d\" data-element_type=\"widget\" data-widget_type=\"image.default\">\n\t\t\t\t<div class=\"elementor-widget-container\">\n\t\t\t\t\t\t\t\t\t\t\t\t\t\t\t<img decoding=\"async\" width=\"1920\" height=\"1920\" src=\"https:\/\/www.allaccessability.it\/wp-content\/uploads\/2022\/04\/All-Access-Ability_Bedroom_Zoom01_R01.jpg\" class=\"attachment-full size-full\" alt=\"\" loading=\"lazy\" srcset=\"https:\/\/www.allaccessability.it\/wp-content\/uploads\/2022\/04\/All-Access-Ability_Bedroom_Zoom01_R01.jpg 1920w, https:\/\/www.allaccessability.it\/wp-content\/uploads\/2022\/04\/All-Access-Ability_Bedroom_Zoom01_R01-300x300.jpg 300w, https:\/\/www.allaccessability.it\/wp-content\/uploads\/2022\/04\/All-Access-Ability_Bedroom_Zoom01_R01-1024x1024.jpg 1024w, https:\/\/www.allaccessability.it\/wp-content\/uploads\/2022\/04\/All-Access-Ability_Bedroom_Zoom01_R01-150x150.jpg 150w, https:\/\/www.allaccessability.it\/wp-content\/uploads\/2022\/04\/All-Access-Ability_Bedroom_Zoom01_R01-768x768.jpg 768w, https:\/\/www.allaccessability.it\/wp-content\/uploads\/2022\/04\/All-Access-Ability_Bedroom_Zoom01_R01-1536x1536.jpg 1536w\" sizes=\"(max-width: 1920px) 100vw, 1920px\" \/>\t\t\t\t\t\t\t\t\t\t\t\t\t\t\t<\/div>\n\t\t\t\t<\/div>\n\t\t\t\t\t<\/div>\n\t\t<\/div>\n\t\t\t\t<div class=\"elementor-column elementor-col-50 elementor-top-column elementor-element elementor-element-354226b\" data-id=\"354226b\" data-element_type=\"column\">\n\t\t\t<div class=\"elementor-widget-wrap elementor-element-populated\">\n\t\t\t\t\t\t\t\t<div class=\"elementor-element elementor-element-47a984b elementor-widget elementor-widget-text-editor\" data-id=\"47a984b\" data-element_type=\"widget\" data-widget_type=\"text-editor.default\">\n\t\t\t\t<div class=\"elementor-widget-container\">\n\t\t\t\t\t\t\t<p style=\"margin-right: 0px; margin-bottom: 0px; margin-left: 0px; color: #000000; font-family: 'Open Sans', sans-serif; font-weight: 400; text-align: justify;\"><span class=\"style_1646384528329\" style=\"margin: 0px; max-height: 100000px; font-size: 17px; font-family: Lato;\"><strong style=\"margin: 0px;\">Inserci\u00f3n de consola<\/strong> con monitor que nos permite comunicarnos con la sala tanto vocalmente como mediante el uso de un teclado.<\/span><\/p><p style=\"margin-right: 0px; margin-bottom: 0px; margin-left: 0px; color: #000000; font-family: 'Open Sans', sans-serif; font-weight: 400; text-align: justify;\"> <\/p><p style=\"margin-right: 0px; margin-bottom: 0px; margin-left: 0px; color: #000000; font-family: 'Open Sans', sans-serif; font-weight: 400; text-align: justify;\"><span class=\"style_1646384528329\" style=\"margin: 0px; max-height: 100000px; font-size: 17px; font-family: Lato;\">En este en concreto destacamos la posibilidad de insertar la cama suspendida, que adem\u00e1s de su dise\u00f1o, es muy c\u00f3moda y funcional.<\/span><\/p>\t\t\t\t\t\t<\/div>\n\t\t\t\t<\/div>\n\t\t\t\t\t<\/div>\n\t\t<\/div>\n\t\t\t\t\t\t\t<\/div>\n\t\t<\/section>\n\t\t\t\t\t\t\t<\/div>\n\t\t","protected":false},"excerpt":{"rendered":"<p>HOTELES: Dise\u00f1amos entornos accesibles inclusivos y acogedores Dise\u00f1ar espacios que puedan ser utilizados por todos significa hacer un uso flexible de cualquier entorno de hosteler\u00eda.Impulsados por la investigaci\u00f3n continua, creamos entornos en los que el dise\u00f1o y la innovaci\u00f3n se unen para crear espacios universalmente atractivos.Una mejor experiencia del cliente aumenta los \u00edndices de ocupaci\u00f3n.Desde [&hellip;]<\/p>\n","protected":false},"author":2,"featured_media":0,"parent":1151,"menu_order":0,"comment_status":"closed","ping_status":"closed","template":"elementor_header_footer","meta":[],"_links":{"self":[{"href":"https:\/\/www.allaccessability.it\/es\/wp-json\/wp\/v2\/pages\/1207"}],"collection":[{"href":"https:\/\/www.allaccessability.it\/es\/wp-json\/wp\/v2\/pages"}],"about":[{"href":"https:\/\/www.allaccessability.it\/es\/wp-json\/wp\/v2\/types\/page"}],"author":[{"embeddable":true,"href":"https:\/\/www.allaccessability.it\/es\/wp-json\/wp\/v2\/users\/2"}],"replies":[{"embeddable":true,"href":"https:\/\/www.allaccessability.it\/es\/wp-json\/wp\/v2\/comments?post=1207"}],"version-history":[{"count":7,"href":"https:\/\/www.allaccessability.it\/es\/wp-json\/wp\/v2\/pages\/1207\/revisions"}],"predecessor-version":[{"id":1496,"href":"https:\/\/www.allaccessability.it\/es\/wp-json\/wp\/v2\/pages\/1207\/revisions\/1496"}],"up":[{"embeddable":true,"href":"https:\/\/www.allaccessability.it\/es\/wp-json\/wp\/v2\/pages\/1151"}],"wp:attachment":[{"href":"https:\/\/www.allaccessability.it\/es\/wp-json\/wp\/v2\/media?parent=1207"}],"curies":[{"name":"wp","href":"https:\/\/api.w.org\/{rel}","templated":true}]}}