{"id":1208,"date":"2022-04-12T09:28:58","date_gmt":"2022-04-12T09:28:58","guid":{"rendered":"https:\/\/www.allaccessability.it\/servicios\/tecnologia\/"},"modified":"2022-06-13T09:31:23","modified_gmt":"2022-06-13T09:31:23","slug":"tecnologia","status":"publish","type":"page","link":"https:\/\/www.allaccessability.it\/es\/servicios\/tecnologia\/","title":{"rendered":"Tecnologias"},"content":{"rendered":"\t\t<div data-elementor-type=\"wp-page\" data-elementor-id=\"1208\" class=\"elementor elementor-1208 elementor-821\">\n\t\t\t\t\t\t\t\t\t<section class=\"elementor-section elementor-top-section elementor-element elementor-element-651f4bd elementor-section-boxed elementor-section-height-default elementor-section-height-default\" data-id=\"651f4bd\" data-element_type=\"section\">\n\t\t\t\t\t\t<div class=\"elementor-container elementor-column-gap-default\">\n\t\t\t\t\t<div class=\"elementor-column elementor-col-100 elementor-top-column elementor-element elementor-element-692dfb8\" data-id=\"692dfb8\" data-element_type=\"column\">\n\t\t\t<div class=\"elementor-widget-wrap elementor-element-populated\">\n\t\t\t\t\t\t\t\t<div class=\"elementor-element elementor-element-1fdd494 elementor-widget elementor-widget-text-editor\" data-id=\"1fdd494\" data-element_type=\"widget\" data-widget_type=\"text-editor.default\">\n\t\t\t\t<div class=\"elementor-widget-container\">\n\t\t\t<style>\/*! elementor - v3.8.1 - 13-11-2022 *\/\n.elementor-widget-text-editor.elementor-drop-cap-view-stacked .elementor-drop-cap{background-color:#818a91;color:#fff}.elementor-widget-text-editor.elementor-drop-cap-view-framed .elementor-drop-cap{color:#818a91;border:3px solid;background-color:transparent}.elementor-widget-text-editor:not(.elementor-drop-cap-view-default) .elementor-drop-cap{margin-top:8px}.elementor-widget-text-editor:not(.elementor-drop-cap-view-default) .elementor-drop-cap-letter{width:1em;height:1em}.elementor-widget-text-editor .elementor-drop-cap{float:left;text-align:center;line-height:1;font-size:50px}.elementor-widget-text-editor .elementor-drop-cap-letter{display:inline-block}<\/style>\t\t\t\t<p style=\"margin-right: 0px; margin-bottom: 0px; margin-left: 0px; color: #000000; font-family: 'Open Sans', sans-serif; font-weight: 400;\"><span class=\"style_1646384528329\" style=\"margin: 0px; max-height: 100000px; font-size: 17px; font-family: Lato;\">\u00abLa gran promesa de la tecnolog\u00eda es dar a todos la misma oportunidad de alcanzar sus objetivos. Mientras haya obst\u00e1culos para algunos, no se puede decir que nuestro trabajo est\u00e9 terminado\u00bb Sundar Pichai, CEO de Google<\/span><\/p><p style=\"margin-right: 0px; margin-bottom: 0px; margin-left: 0px; color: #000000; font-family: 'Open Sans', sans-serif; font-weight: 400;\"><span class=\"style_1646384528329\" style=\"margin: 0px; max-height: 100000px; font-size: 17px; font-family: Lato;\"> <\/span><\/p><p style=\"margin-right: 0px; margin-bottom: 0px; margin-left: 0px; color: #000000; font-family: 'Open Sans', sans-serif; font-weight: 400;\"><span class=\"style_1646384528329\" style=\"margin: 0px; max-height: 100000px; font-size: 17px; font-family: Lato;\">Con el firme convencimiento de esta visi\u00f3n, A<strong style=\"margin: 0px;\">ll Access Ability, en colaboraci\u00f3n con el Departamento de Medicina e Ingenier\u00eda de la Universidad de Parma<\/strong> y con importantes empresas del sector, est\u00e1 estudiando soluciones <strong style=\"margin: 0px;\">tecnol\u00f3gicas<\/strong> y <strong style=\"margin: 0px;\">dom\u00f3ticas<\/strong> que permitan a las personas vivir con seguridad y comodidad.<\/span><\/p><p style=\"margin-right: 0px; margin-bottom: 0px; margin-left: 0px; color: #000000; font-family: 'Open Sans', sans-serif; font-weight: 400;\"> <\/p><p style=\"margin-right: 0px; margin-bottom: 0px; margin-left: 0px; color: #000000; font-family: 'Open Sans', sans-serif; font-weight: 400;\"><span class=\"style_1646384528329\" style=\"margin: 0px; max-height: 100000px; font-size: 17px; font-family: Lato;\"><strong style=\"margin: 0px;\">Todos los dispositivos y automatismos se pueden personalizar seg\u00fan sus necesidades.<\/strong><\/span><\/p><p style=\"margin-right: 0px; margin-bottom: 0px; margin-left: 0px; color: #000000; font-family: 'Open Sans', sans-serif; font-weight: 400;\"><span class=\"style_1646384528329\" style=\"margin: 0px; max-height: 100000px; font-size: 17px; font-family: Lato;\">AAA es capaz de hacer que todos los dispositivos y automatismos de su hogar y oficina formen parte de un sistema inteligente a su servicio.<\/span><\/p>\t\t\t\t\t\t<\/div>\n\t\t\t\t<\/div>\n\t\t\t\t<section class=\"elementor-section elementor-inner-section elementor-element elementor-element-4010fd5 elementor-section-full_width elementor-section-height-default elementor-section-height-default\" data-id=\"4010fd5\" data-element_type=\"section\">\n\t\t\t\t\t\t<div class=\"elementor-container elementor-column-gap-default\">\n\t\t\t\t\t<div class=\"elementor-column elementor-col-50 elementor-inner-column elementor-element elementor-element-0565554\" data-id=\"0565554\" data-element_type=\"column\">\n\t\t\t<div class=\"elementor-widget-wrap elementor-element-populated\">\n\t\t\t\t\t\t\t\t<div class=\"elementor-element elementor-element-9f30c63 elementor-widget elementor-widget-text-editor\" data-id=\"9f30c63\" data-element_type=\"widget\" data-widget_type=\"text-editor.default\">\n\t\t\t\t<div class=\"elementor-widget-container\">\n\t\t\t\t\t\t\t<p><strong style=\"margin: 0px; color: #000000; font-family: Lato; font-size: 17px;\">KIT PERSONALIZADO PARA HOTELES Y CRUCEROS<\/strong><span style=\"color: #000000; font-family: Lato; font-size: 17px; font-weight: 400;\"> Una serie de productos que, combinados, permiten detectar todo tipo de eventos a cualquier persona con una discapacidad auditiva leve o grave. Adecuado para casas de todos los tama\u00f1os, residencias de ancianos, hoteles, naves&#8230; Se puede personalizar seg\u00fan las diferentes necesidades.<\/span><\/p>\t\t\t\t\t\t<\/div>\n\t\t\t\t<\/div>\n\t\t\t\t\t<\/div>\n\t\t<\/div>\n\t\t\t\t<div class=\"elementor-column elementor-col-50 elementor-inner-column elementor-element elementor-element-1d5620b\" data-id=\"1d5620b\" data-element_type=\"column\">\n\t\t\t<div class=\"elementor-widget-wrap elementor-element-populated\">\n\t\t\t\t\t\t\t\t<div class=\"elementor-element elementor-element-266b157 elementor-widget elementor-widget-image\" data-id=\"266b157\" data-element_type=\"widget\" data-widget_type=\"image.default\">\n\t\t\t\t<div class=\"elementor-widget-container\">\n\t\t\t<style>\/*! elementor - v3.8.1 - 13-11-2022 *\/\n.elementor-widget-image{text-align:center}.elementor-widget-image a{display:inline-block}.elementor-widget-image a img[src$=\".svg\"]{width:48px}.elementor-widget-image img{vertical-align:middle;display:inline-block}<\/style>\t\t\t\t\t\t\t\t\t\t\t\t<img decoding=\"async\" width=\"800\" height=\"450\" src=\"https:\/\/www.allaccessability.it\/wp-content\/uploads\/2022\/04\/VZFG1555-1-1024x576.jpg\" class=\"attachment-large size-large\" alt=\"\" loading=\"lazy\" srcset=\"https:\/\/www.allaccessability.it\/wp-content\/uploads\/2022\/04\/VZFG1555-1-1024x576.jpg 1024w, https:\/\/www.allaccessability.it\/wp-content\/uploads\/2022\/04\/VZFG1555-1-300x169.jpg 300w, https:\/\/www.allaccessability.it\/wp-content\/uploads\/2022\/04\/VZFG1555-1-768x432.jpg 768w, https:\/\/www.allaccessability.it\/wp-content\/uploads\/2022\/04\/VZFG1555-1-1536x864.jpg 1536w, https:\/\/www.allaccessability.it\/wp-content\/uploads\/2022\/04\/VZFG1555-1.jpg 1600w\" sizes=\"(max-width: 800px) 100vw, 800px\" \/>\t\t\t\t\t\t\t\t\t\t\t\t\t\t\t<\/div>\n\t\t\t\t<\/div>\n\t\t\t\t\t<\/div>\n\t\t<\/div>\n\t\t\t\t\t\t\t<\/div>\n\t\t<\/section>\n\t\t\t\t<section class=\"elementor-section elementor-inner-section elementor-element elementor-element-82614b7 elementor-section-full_width elementor-section-height-default elementor-section-height-default\" data-id=\"82614b7\" data-element_type=\"section\">\n\t\t\t\t\t\t<div class=\"elementor-container elementor-column-gap-default\">\n\t\t\t\t\t<div class=\"elementor-column elementor-col-50 elementor-inner-column elementor-element elementor-element-fa9e95d\" data-id=\"fa9e95d\" data-element_type=\"column\">\n\t\t\t<div class=\"elementor-widget-wrap elementor-element-populated\">\n\t\t\t\t\t\t\t\t<div class=\"elementor-element elementor-element-ba8d8d8 elementor-widget elementor-widget-text-editor\" data-id=\"ba8d8d8\" data-element_type=\"widget\" data-widget_type=\"text-editor.default\">\n\t\t\t\t<div class=\"elementor-widget-container\">\n\t\t\t\t\t\t\t<p style=\"margin-right: 0px; margin-bottom: 0px; margin-left: 0px; color: #000000; font-family: 'Open Sans', sans-serif; font-weight: 400;\"><strong style=\"margin: 0px;\"><span class=\"style_1646384528329\" style=\"margin: 0px; max-height: 100000px; font-size: 17px; font-family: Lato;\">CAMARAS DE INTELIGENCIA<\/span><\/strong><\/p><p style=\"margin-right: 0px; margin-bottom: 0px; margin-left: 0px; color: #000000; font-family: 'Open Sans', sans-serif; font-weight: 400;\"><span style=\"margin: 0px; max-height: 100000px;\"><span class=\"style_1646384528329\" style=\"margin: 0px; max-height: 100000px; font-size: 17px; font-family: Lato;\"><span class=\"style_1646384528329\" style=\"margin: 0px; max-height: 100000px;\">El videoan\u00e1lisis inteligente, que ha alcanzado niveles de fiabilidad impensables hace s\u00f3lo unos a\u00f1os, es sin duda una de las herramientas m\u00e1s utilizadas para la vigilancia constante de residencias de ancianos o pisos <span class=\"style_1646384528329\" style=\"margin: 0px; max-height: 100000px;\">en los que viven solos personas mayores o discapacitadas. De hecho, es posible, mediante algoritmos realizados directamente a bordo de las c\u00e1maras de \u00faltima generaci\u00f3n, detectar autom\u00e1ticamente la presencia de una persona en el suelo y generar r\u00e1pidamente una alarma, alertando a los familiares o solicitando una r\u00e1pida intervenci\u00f3n m\u00e9dica.<\/span><\/span><\/span><\/span><\/p>\t\t\t\t\t\t<\/div>\n\t\t\t\t<\/div>\n\t\t\t\t\t<\/div>\n\t\t<\/div>\n\t\t\t\t<div class=\"elementor-column elementor-col-50 elementor-inner-column elementor-element elementor-element-7b1d3a7\" data-id=\"7b1d3a7\" data-element_type=\"column\">\n\t\t\t<div class=\"elementor-widget-wrap elementor-element-populated\">\n\t\t\t\t\t\t\t\t<div class=\"elementor-element elementor-element-c872141 elementor-widget elementor-widget-image\" data-id=\"c872141\" data-element_type=\"widget\" data-widget_type=\"image.default\">\n\t\t\t\t<div class=\"elementor-widget-container\">\n\t\t\t\t\t\t\t\t\t\t\t\t\t\t\t<img decoding=\"async\" width=\"612\" height=\"408\" src=\"https:\/\/www.allaccessability.it\/wp-content\/uploads\/2022\/04\/istockphoto-645537214-612x612-1.jpg\" class=\"attachment-large size-large\" alt=\"\" loading=\"lazy\" srcset=\"https:\/\/www.allaccessability.it\/wp-content\/uploads\/2022\/04\/istockphoto-645537214-612x612-1.jpg 612w, https:\/\/www.allaccessability.it\/wp-content\/uploads\/2022\/04\/istockphoto-645537214-612x612-1-300x200.jpg 300w\" sizes=\"(max-width: 612px) 100vw, 612px\" \/>\t\t\t\t\t\t\t\t\t\t\t\t\t\t\t<\/div>\n\t\t\t\t<\/div>\n\t\t\t\t\t<\/div>\n\t\t<\/div>\n\t\t\t\t\t\t\t<\/div>\n\t\t<\/section>\n\t\t\t\t<div class=\"elementor-element elementor-element-92ba41b elementor-widget elementor-widget-text-editor\" data-id=\"92ba41b\" data-element_type=\"widget\" data-widget_type=\"text-editor.default\">\n\t\t\t\t<div class=\"elementor-widget-container\">\n\t\t\t\t\t\t\t<p style=\"margin-right: 0px; margin-bottom: 0px; margin-left: 0px; color: #000000; font-family: 'Open Sans', sans-serif; font-weight: 400;\"><strong style=\"margin: 0px;\"><span class=\"style_1646384528329\" style=\"margin: 0px; max-height: 100000px; font-size: 17px; font-family: Lato;\">KIT DE REFERENCIA PARA ENTORNOS INDUSTRIALES CON RIESGO DE EXPLOSI\u00d3N<\/span><\/strong><\/p><p style=\"margin-right: 0px; margin-bottom: 0px; margin-left: 0px; color: #000000; font-family: 'Open Sans', sans-serif; font-weight: 400;\"><span class=\"style_1646384528329\" style=\"margin: 0px; max-height: 100000px; font-size: 17px; font-family: Lato;\">Un dispositivo de alarma dise\u00f1ado para entornos de trabajo que requieren un alto nivel de seguridad. F\u00e1cil de usar, el kit est\u00e1 equipado con dos botones de alarma y detecci\u00f3n que permiten activar la alarma con seguridad y en cualquier circunstancia.<\/span><\/p>\t\t\t\t\t\t<\/div>\n\t\t\t\t<\/div>\n\t\t\t\t\t<\/div>\n\t\t<\/div>\n\t\t\t\t\t\t\t<\/div>\n\t\t<\/section>\n\t\t\t\t\t\t\t<\/div>\n\t\t","protected":false},"excerpt":{"rendered":"<p>\u00abLa gran promesa de la tecnolog\u00eda es dar a todos la misma oportunidad de alcanzar sus objetivos. Mientras haya obst\u00e1culos para algunos, no se puede decir que nuestro trabajo est\u00e9 terminado\u00bb Sundar Pichai, CEO de Google Con el firme convencimiento de esta visi\u00f3n, All Access Ability, en colaboraci\u00f3n con el Departamento de Medicina e Ingenier\u00eda [&hellip;]<\/p>\n","protected":false},"author":2,"featured_media":0,"parent":1151,"menu_order":0,"comment_status":"closed","ping_status":"closed","template":"elementor_header_footer","meta":[],"_links":{"self":[{"href":"https:\/\/www.allaccessability.it\/es\/wp-json\/wp\/v2\/pages\/1208"}],"collection":[{"href":"https:\/\/www.allaccessability.it\/es\/wp-json\/wp\/v2\/pages"}],"about":[{"href":"https:\/\/www.allaccessability.it\/es\/wp-json\/wp\/v2\/types\/page"}],"author":[{"embeddable":true,"href":"https:\/\/www.allaccessability.it\/es\/wp-json\/wp\/v2\/users\/2"}],"replies":[{"embeddable":true,"href":"https:\/\/www.allaccessability.it\/es\/wp-json\/wp\/v2\/comments?post=1208"}],"version-history":[{"count":5,"href":"https:\/\/www.allaccessability.it\/es\/wp-json\/wp\/v2\/pages\/1208\/revisions"}],"predecessor-version":[{"id":1286,"href":"https:\/\/www.allaccessability.it\/es\/wp-json\/wp\/v2\/pages\/1208\/revisions\/1286"}],"up":[{"embeddable":true,"href":"https:\/\/www.allaccessability.it\/es\/wp-json\/wp\/v2\/pages\/1151"}],"wp:attachment":[{"href":"https:\/\/www.allaccessability.it\/es\/wp-json\/wp\/v2\/media?parent=1208"}],"curies":[{"name":"wp","href":"https:\/\/api.w.org\/{rel}","templated":true}]}}