{"id":1227,"date":"2022-04-12T09:28:40","date_gmt":"2022-04-12T09:28:40","guid":{"rendered":"https:\/\/www.allaccessability.it\/servicios\/capacitacion\/"},"modified":"2022-06-13T09:28:19","modified_gmt":"2022-06-13T09:28:19","slug":"capacitacion","status":"publish","type":"page","link":"https:\/\/www.allaccessability.it\/es\/servicios\/capacitacion\/","title":{"rendered":"Capacitaci\u00f3n"},"content":{"rendered":"\t\t<div data-elementor-type=\"wp-page\" data-elementor-id=\"1227\" class=\"elementor elementor-1227 elementor-819\">\n\t\t\t\t\t\t\t\t\t<section class=\"elementor-section elementor-top-section elementor-element elementor-element-ee75691 elementor-section-boxed elementor-section-height-default elementor-section-height-default\" data-id=\"ee75691\" data-element_type=\"section\">\n\t\t\t\t\t\t<div class=\"elementor-container elementor-column-gap-default\">\n\t\t\t\t\t<div class=\"elementor-column elementor-col-100 elementor-top-column elementor-element elementor-element-818f22a\" data-id=\"818f22a\" data-element_type=\"column\">\n\t\t\t<div class=\"elementor-widget-wrap elementor-element-populated\">\n\t\t\t\t\t\t\t\t<div class=\"elementor-element elementor-element-6a02862 elementor-widget elementor-widget-text-editor\" data-id=\"6a02862\" data-element_type=\"widget\" data-widget_type=\"text-editor.default\">\n\t\t\t\t<div class=\"elementor-widget-container\">\n\t\t\t<style>\/*! elementor - v3.8.1 - 13-11-2022 *\/\n.elementor-widget-text-editor.elementor-drop-cap-view-stacked .elementor-drop-cap{background-color:#818a91;color:#fff}.elementor-widget-text-editor.elementor-drop-cap-view-framed .elementor-drop-cap{color:#818a91;border:3px solid;background-color:transparent}.elementor-widget-text-editor:not(.elementor-drop-cap-view-default) .elementor-drop-cap{margin-top:8px}.elementor-widget-text-editor:not(.elementor-drop-cap-view-default) .elementor-drop-cap-letter{width:1em;height:1em}.elementor-widget-text-editor .elementor-drop-cap{float:left;text-align:center;line-height:1;font-size:50px}.elementor-widget-text-editor .elementor-drop-cap-letter{display:inline-block}<\/style>\t\t\t\t<p style=\"margin-right: 0px; margin-bottom: 0px; margin-left: 0px; color: #000000; font-family: 'Open Sans', sans-serif; font-weight: 400; text-align: justify;\"><span style=\"margin: 0px; max-height: 100000px; font-size: 17px; font-family: Lato;\">Ante el reto de una sociedad inclusiva, es necesario preparar a los profesionales para los nuevos conceptos, planificar intervenciones eficaces, proponer una mejora de las competencias para todos y darles la oportunidad de adaptarse a las diferentes fases y ciclos de la vida. <\/span><\/p><p style=\"margin-right: 0px; margin-bottom: 0px; margin-left: 0px; color: #000000; font-family: 'Open Sans', sans-serif; font-weight: 400; text-align: justify;\"><span style=\"margin: 0px; max-height: 100000px; font-size: 17px; font-family: Lato;\">En todo esto, <strong style=\"margin: 0px;\">la FORMACI\u00d3N es, por tanto, la clave de un futuro sin exclusi\u00f3n.<\/strong><\/span><\/p><p style=\"margin-right: 0px; margin-bottom: 0px; margin-left: 0px; color: #000000; font-family: 'Open Sans', sans-serif; font-weight: 400; text-align: justify;\"> <\/p><p style=\"margin-right: 0px; margin-bottom: 0px; margin-left: 0px; color: #000000; font-family: 'Open Sans', sans-serif; font-weight: 400; text-align: justify;\"><span style=\"margin: 0px; max-height: 100000px; font-size: 17px; font-family: Lato;\">Para lograr este objetivo, la AAA ha creado un equipo de profesionales capaces de dar respuestas claras y concretas sobre las cuestiones de accesibilidad e inclusi\u00f3n.<\/span><\/p><p style=\"margin-right: 0px; margin-bottom: 0px; margin-left: 0px; color: #000000; font-family: 'Open Sans', sans-serif; font-weight: 400; text-align: justify;\"><span style=\"margin: 0px; max-height: 100000px; font-size: 17px; font-family: Lato;\"> <\/span><\/p><p style=\"margin-right: 0px; margin-bottom: 0px; margin-left: 0px; color: #000000; font-family: 'Open Sans', sans-serif; font-weight: 400; text-align: justify;\"><span style=\"margin: 0px; max-height: 100000px; font-size: 17px; font-family: Lato;\">Los destinatarios de nuestra formaci\u00f3n son:<br><\/span><\/p>\t\t\t\t\t\t<\/div>\n\t\t\t\t<\/div>\n\t\t\t\t<section class=\"elementor-section elementor-inner-section elementor-element elementor-element-0a9bf5c elementor-section-full_width elementor-section-height-default elementor-section-height-default\" data-id=\"0a9bf5c\" data-element_type=\"section\">\n\t\t\t\t\t\t<div class=\"elementor-container elementor-column-gap-default\">\n\t\t\t\t\t<div class=\"elementor-column elementor-col-50 elementor-inner-column elementor-element elementor-element-ce460c8\" data-id=\"ce460c8\" data-element_type=\"column\">\n\t\t\t<div class=\"elementor-widget-wrap elementor-element-populated\">\n\t\t\t\t\t\t\t\t<div class=\"elementor-element elementor-element-3d90312 elementor-widget elementor-widget-text-editor\" data-id=\"3d90312\" data-element_type=\"widget\" data-widget_type=\"text-editor.default\">\n\t\t\t\t<div class=\"elementor-widget-container\">\n\t\t\t\t\t\t\t<p style=\"margin-right: 0px; margin-bottom: 0px; margin-left: 0px; color: #000000; font-family: 'Open Sans', sans-serif; font-weight: 400;\"><span class=\"style_1646387592077\" style=\"margin: 0px; max-height: 100000px; font-family: Lato;\"><span class=\"style_1646384528329\" style=\"margin: 0px; max-height: 100000px; font-size: 17px;\"><span class=\"style_1646384528329\" style=\"margin: 0px; max-height: 100000px;\"><span class=\"style_1646384528329\" style=\"margin: 0px; max-height: 100000px;\"><strong style=\"margin: 0px;\">ESTUDIOS DE ARQUITECTURA Y ORGANISMOS P\u00daBLICOS<\/strong><\/span><\/span><\/span><\/span><\/p><p style=\"margin-right: 0px; margin-bottom: 0px; margin-left: 0px; color: #000000; font-family: 'Open Sans', sans-serif; font-weight: 400;\"> <\/p><p style=\"margin-right: 0px; margin-bottom: 0px; margin-left: 0px; color: #000000; font-family: 'Open Sans', sans-serif; font-weight: 400; text-align: justify;\"><span class=\"style_1646387592077\" style=\"margin: 0px; max-height: 100000px; font-family: Lato;\"><span class=\"style_1646384528329\" style=\"margin: 0px; max-height: 100000px; font-size: 17px;\"><span class=\"style_1646384528329\" style=\"margin: 0px; max-height: 100000px;\">Asesoramiento en las fases de dise\u00f1o y formaci\u00f3n en m\u00e9todos y t\u00e9cnicas de dise\u00f1o accesible e inclusivo de espacios privados y p\u00fablicos con ejemplos de casos concretos: viviendas, comercios, escuelas, centros deportivos, museos, etc.<\/span><\/span><\/span><\/p>\t\t\t\t\t\t<\/div>\n\t\t\t\t<\/div>\n\t\t\t\t\t<\/div>\n\t\t<\/div>\n\t\t\t\t<div class=\"elementor-column elementor-col-50 elementor-inner-column elementor-element elementor-element-5ea7653\" data-id=\"5ea7653\" data-element_type=\"column\">\n\t\t\t<div class=\"elementor-widget-wrap elementor-element-populated\">\n\t\t\t\t\t\t\t\t<div class=\"elementor-element elementor-element-d86f898 elementor-widget elementor-widget-image\" data-id=\"d86f898\" data-element_type=\"widget\" data-widget_type=\"image.default\">\n\t\t\t\t<div class=\"elementor-widget-container\">\n\t\t\t<style>\/*! elementor - v3.8.1 - 13-11-2022 *\/\n.elementor-widget-image{text-align:center}.elementor-widget-image a{display:inline-block}.elementor-widget-image a img[src$=\".svg\"]{width:48px}.elementor-widget-image img{vertical-align:middle;display:inline-block}<\/style>\t\t\t\t\t\t\t\t\t\t\t\t<img decoding=\"async\" width=\"612\" height=\"408\" src=\"https:\/\/www.allaccessability.it\/wp-content\/uploads\/2022\/04\/istockphoto-1143012194-612x612-1.jpg\" class=\"attachment-large size-large\" alt=\"\" loading=\"lazy\" srcset=\"https:\/\/www.allaccessability.it\/wp-content\/uploads\/2022\/04\/istockphoto-1143012194-612x612-1.jpg 612w, https:\/\/www.allaccessability.it\/wp-content\/uploads\/2022\/04\/istockphoto-1143012194-612x612-1-300x200.jpg 300w\" sizes=\"(max-width: 612px) 100vw, 612px\" \/>\t\t\t\t\t\t\t\t\t\t\t\t\t\t\t<\/div>\n\t\t\t\t<\/div>\n\t\t\t\t\t<\/div>\n\t\t<\/div>\n\t\t\t\t\t\t\t<\/div>\n\t\t<\/section>\n\t\t\t\t<section class=\"elementor-section elementor-inner-section elementor-element elementor-element-d7de5d4 elementor-section-full_width elementor-section-height-default elementor-section-height-default\" data-id=\"d7de5d4\" data-element_type=\"section\">\n\t\t\t\t\t\t<div class=\"elementor-container elementor-column-gap-default\">\n\t\t\t\t\t<div class=\"elementor-column elementor-col-50 elementor-inner-column elementor-element elementor-element-6f51ca1\" data-id=\"6f51ca1\" data-element_type=\"column\">\n\t\t\t<div class=\"elementor-widget-wrap elementor-element-populated\">\n\t\t\t\t\t\t\t\t<div class=\"elementor-element elementor-element-31c79d1 elementor-widget elementor-widget-text-editor\" data-id=\"31c79d1\" data-element_type=\"widget\" data-widget_type=\"text-editor.default\">\n\t\t\t\t<div class=\"elementor-widget-container\">\n\t\t\t\t\t\t\t<p style=\"margin-right: 0px; margin-bottom: 0px; margin-left: 0px; color: #000000; font-family: 'Open Sans', sans-serif; font-weight: 400; text-align: justify;\"><span class=\"style_1646384528329\" style=\"margin: 0px; max-height: 100000px; font-size: 17px; font-family: Lato;\"><strong style=\"margin: 0px;\">INSTALACIONES TUR\u00cdSTICAS<\/strong><\/span><\/p><p style=\"margin-right: 0px; margin-bottom: 0px; margin-left: 0px; color: #000000; font-family: 'Open Sans', sans-serif; font-weight: 400; text-align: justify;\"><br style=\"margin: 0px;\"><span class=\"style_1646384528329\" style=\"margin: 0px; max-height: 100000px; font-size: 17px; font-family: Lato;\">El mercado del turismo inclusivo est\u00e1 destinado a aumentar a medida que la poblaci\u00f3n envejece. Asegurarse de que el personal y los directores de su local est\u00e9n formados y tengan confianza en el turismo inclusivo supondr\u00e1 una gran diferencia en el servicio al cliente. A trav\u00e9s de los cursos de formaci\u00f3n e informaci\u00f3n podr\u00e1s:<\/span><\/p><div style=\"margin: 0px; max-height: 100000px; color: #000000; font-family: 'Open Sans', sans-serif; font-weight: 400; text-align: justify;\"> <\/div><ul style=\"margin-right: 0px; margin-left: 0px; color: #000000; font-family: 'Open Sans', sans-serif; font-size: 16px; font-weight: 400; background-color: #ffffff;\"><li style=\"margin-right: 0px; margin-left: 0px; text-align: justify;\"><span class=\"style_1646384528329\" style=\"margin: 0px; max-height: 100000px; font-size: 17px; font-family: Lato;\">p\u00f3nerte al d\u00eda sobre las normas que deben aplicarse;<\/span><\/li><li style=\"margin-right: 0px; margin-left: 0px; text-align: justify;\">dar la bienvenida al hu\u00e9sped haciendo que se sienta c\u00f3modo;<\/li><li style=\"margin-right: 0px; margin-left: 0px; text-align: justify;\">comunicar de forma sencilla y clara;<\/li><li style=\"margin-right: 0px; margin-left: 0px; text-align: justify;\">utilizar las nuevas tecnolog\u00edas; <\/li><li style=\"margin-right: 0px; margin-left: 0px; text-align: justify;\">conocer los dispositivos de seguridad para comprender mejor las actitudes que hay que adoptar cuando se espera la ayuda.<\/li><\/ul>\t\t\t\t\t\t<\/div>\n\t\t\t\t<\/div>\n\t\t\t\t\t<\/div>\n\t\t<\/div>\n\t\t\t\t<div class=\"elementor-column elementor-col-50 elementor-inner-column elementor-element elementor-element-40857a3\" data-id=\"40857a3\" data-element_type=\"column\">\n\t\t\t<div class=\"elementor-widget-wrap elementor-element-populated\">\n\t\t\t\t\t\t\t\t<div class=\"elementor-element elementor-element-d708034 elementor-widget elementor-widget-image\" data-id=\"d708034\" data-element_type=\"widget\" data-widget_type=\"image.default\">\n\t\t\t\t<div class=\"elementor-widget-container\">\n\t\t\t\t\t\t\t\t\t\t\t\t\t\t\t<img decoding=\"async\" width=\"800\" height=\"450\" src=\"https:\/\/www.allaccessability.it\/wp-content\/uploads\/2022\/04\/04-1-1024x576.jpg\" class=\"attachment-large size-large\" alt=\"\" loading=\"lazy\" srcset=\"https:\/\/www.allaccessability.it\/wp-content\/uploads\/2022\/04\/04-1-1024x576.jpg 1024w, https:\/\/www.allaccessability.it\/wp-content\/uploads\/2022\/04\/04-1-300x169.jpg 300w, https:\/\/www.allaccessability.it\/wp-content\/uploads\/2022\/04\/04-1-768x432.jpg 768w, https:\/\/www.allaccessability.it\/wp-content\/uploads\/2022\/04\/04-1-1536x864.jpg 1536w, https:\/\/www.allaccessability.it\/wp-content\/uploads\/2022\/04\/04-1.jpg 2000w\" sizes=\"(max-width: 800px) 100vw, 800px\" \/>\t\t\t\t\t\t\t\t\t\t\t\t\t\t\t<\/div>\n\t\t\t\t<\/div>\n\t\t\t\t\t<\/div>\n\t\t<\/div>\n\t\t\t\t\t\t\t<\/div>\n\t\t<\/section>\n\t\t\t\t<section class=\"elementor-section elementor-inner-section elementor-element elementor-element-a047357 elementor-section-full_width elementor-section-height-default elementor-section-height-default\" data-id=\"a047357\" data-element_type=\"section\">\n\t\t\t\t\t\t<div class=\"elementor-container elementor-column-gap-default\">\n\t\t\t\t\t<div class=\"elementor-column elementor-col-50 elementor-inner-column elementor-element elementor-element-a31c659\" data-id=\"a31c659\" data-element_type=\"column\">\n\t\t\t<div class=\"elementor-widget-wrap elementor-element-populated\">\n\t\t\t\t\t\t\t\t<div class=\"elementor-element elementor-element-f2109be elementor-widget elementor-widget-text-editor\" data-id=\"f2109be\" data-element_type=\"widget\" data-widget_type=\"text-editor.default\">\n\t\t\t\t<div class=\"elementor-widget-container\">\n\t\t\t\t\t\t\t<p style=\"margin-right: 0px; margin-bottom: 0px; margin-left: 0px; color: #000000; font-family: 'Open Sans', sans-serif; font-weight: 400; text-align: justify;\"><span class=\"style_1646384528329\" style=\"margin: 0px; max-height: 100000px; font-size: 17px; font-family: Lato;\"><strong style=\"margin: 0px;\">ESTUDIOS M\u00c9DICOS<\/strong><\/span><\/p><p style=\"margin-right: 0px; margin-bottom: 0px; margin-left: 0px; color: #000000; font-family: 'Open Sans', sans-serif; font-weight: 400;\"><br style=\"margin: 0px;\"><span class=\"style_1645628714529\" style=\"margin: 0px; max-height: 100000px; font-size: 17px;\"><span class=\"style_1646387592077\" style=\"margin: 0px; max-height: 100000px; font-size: 16px; font-family: Lato;\"><span class=\"style_1646387592077\" style=\"margin: 0px; max-height: 100000px;\"><span class=\"style_1646384528329\" style=\"margin: 0px; max-height: 100000px; font-size: 17px;\">Todas las intervenciones propuestas tienen como objetivo optimizar los espacios y los flujos de actividad en el recorrido que realiza la persona dentro del consultorio o del centro:<\/span><\/span><\/span><\/span><\/p><p style=\"margin-right: 0px; margin-bottom: 0px; margin-left: 0px; color: #000000; font-family: 'Open Sans', sans-serif; font-weight: 400;\"> <\/p><p style=\"margin-right: 0px; margin-bottom: 0px; margin-left: 0px; color: #000000; font-family: 'Open Sans', sans-serif; font-weight: 400;\"> <\/p><ul style=\"margin-right: 0px; margin-left: 0px; color: #000000; font-family: 'Open Sans', sans-serif; font-size: 16px; font-weight: 400; background-color: #ffffff;\"><li style=\"margin-right: 0px; margin-left: 0px;\"><span class=\"style_1645628714529\" style=\"margin: 0px; max-height: 100000px; font-size: 17px;\"><span class=\"style_1646387592077\" style=\"margin: 0px; max-height: 100000px; font-size: 16px; font-family: Lato;\"><span class=\"style_1646387592077\" style=\"margin: 0px; max-height: 100000px;\"><span class=\"style_1646384528329\" style=\"margin: 0px; max-height: 100000px; font-size: 17px;\"><span class=\"style_1646384528329\" style=\"margin: 0px; max-height: 100000px;\"><span class=\"style_1646384528329\" style=\"margin: 0px; max-height: 100000px;\"> tecnolog\u00edas de asistencia;<\/span><\/span><span class=\"style_1646384528329\" style=\"margin: 0px; max-height: 100000px;\"><span class=\"style_1646384528329\" style=\"margin: 0px; max-height: 100000px;\">  <\/span><\/span><\/span><\/span><\/span><\/span><\/li><li style=\"margin-right: 0px; margin-left: 0px;\"><span class=\"style_1645628714529\" style=\"margin: 0px; max-height: 100000px; font-size: 17px;\"><span class=\"style_1646387592077\" style=\"margin: 0px; max-height: 100000px; font-size: 16px; font-family: Lato;\"><span class=\"style_1646387592077\" style=\"margin: 0px; max-height: 100000px;\"><span class=\"style_1646384528329\" style=\"margin: 0px; max-height: 100000px; font-size: 17px;\"><span class=\"style_1646384528329\" style=\"margin: 0px; max-height: 100000px;\"><span class=\"style_1646384528329\" style=\"margin: 0px; max-height: 100000px;\">Acogida y comunicaci\u00f3n;<\/span><\/span><\/span><\/span><\/span><\/span><\/li><li style=\"margin-right: 0px; margin-left: 0px;\"><span class=\"style_1645628714529\" style=\"margin: 0px; max-height: 100000px; font-size: 17px;\"><span class=\"style_1646387592077\" style=\"margin: 0px; max-height: 100000px; font-size: 16px; font-family: Lato;\"><span class=\"style_1646387592077\" style=\"margin: 0px; max-height: 100000px;\"><span class=\"style_1646384528329\" style=\"margin: 0px; max-height: 100000px; font-size: 17px;\">Adaptaciones de la habitaci\u00f3n.<\/span><\/span><\/span><\/span><\/li><\/ul><p style=\"margin-right: 0px; margin-bottom: 0px; margin-left: 0px; color: #000000; font-family: 'Open Sans', sans-serif; font-weight: 400;\"> <\/p><div style=\"margin: 0px; max-height: 100000px; color: #000000; font-family: 'Open Sans', sans-serif; font-weight: 400; text-align: justify;\"><br style=\"margin: 0px;\"><span class=\"style_1645780781206\" style=\"margin: 0px; max-height: 100000px; font-size: 18px;\"><span class=\"style_1646384528329\" style=\"margin: 0px; max-height: 100000px; font-size: 17px; font-family: Lato;\">Seg\u00fan las diferentes necesidades, el curso de formaci\u00f3n puede personalizarse.<\/span><\/span><\/div>\t\t\t\t\t\t<\/div>\n\t\t\t\t<\/div>\n\t\t\t\t\t<\/div>\n\t\t<\/div>\n\t\t\t\t<div class=\"elementor-column elementor-col-50 elementor-inner-column elementor-element elementor-element-383814d\" data-id=\"383814d\" data-element_type=\"column\">\n\t\t\t<div class=\"elementor-widget-wrap elementor-element-populated\">\n\t\t\t\t\t\t\t\t<div class=\"elementor-element elementor-element-cee84e4 elementor-widget elementor-widget-image\" data-id=\"cee84e4\" data-element_type=\"widget\" data-widget_type=\"image.default\">\n\t\t\t\t<div class=\"elementor-widget-container\">\n\t\t\t\t\t\t\t\t\t\t\t\t\t\t\t<img decoding=\"async\" width=\"800\" height=\"450\" src=\"https:\/\/www.allaccessability.it\/wp-content\/uploads\/2022\/04\/IP2_-vista-2-1-1024x576.jpg\" class=\"attachment-large size-large\" alt=\"\" loading=\"lazy\" srcset=\"https:\/\/www.allaccessability.it\/wp-content\/uploads\/2022\/04\/IP2_-vista-2-1-1024x576.jpg 1024w, https:\/\/www.allaccessability.it\/wp-content\/uploads\/2022\/04\/IP2_-vista-2-1-300x169.jpg 300w, https:\/\/www.allaccessability.it\/wp-content\/uploads\/2022\/04\/IP2_-vista-2-1-768x432.jpg 768w, https:\/\/www.allaccessability.it\/wp-content\/uploads\/2022\/04\/IP2_-vista-2-1.jpg 1280w\" sizes=\"(max-width: 800px) 100vw, 800px\" \/>\t\t\t\t\t\t\t\t\t\t\t\t\t\t\t<\/div>\n\t\t\t\t<\/div>\n\t\t\t\t\t<\/div>\n\t\t<\/div>\n\t\t\t\t\t\t\t<\/div>\n\t\t<\/section>\n\t\t\t\t\t<\/div>\n\t\t<\/div>\n\t\t\t\t\t\t\t<\/div>\n\t\t<\/section>\n\t\t\t\t\t\t\t<\/div>\n\t\t","protected":false},"excerpt":{"rendered":"<p>Ante el reto de una sociedad inclusiva, es necesario preparar a los profesionales para los nuevos conceptos, planificar intervenciones eficaces, proponer una mejora de las competencias para todos y darles la oportunidad de adaptarse a las diferentes fases y ciclos de la vida. En todo esto, la FORMACI\u00d3N es, por tanto, la clave de un [&hellip;]<\/p>\n","protected":false},"author":2,"featured_media":0,"parent":1151,"menu_order":0,"comment_status":"closed","ping_status":"closed","template":"elementor_header_footer","meta":[],"_links":{"self":[{"href":"https:\/\/www.allaccessability.it\/es\/wp-json\/wp\/v2\/pages\/1227"}],"collection":[{"href":"https:\/\/www.allaccessability.it\/es\/wp-json\/wp\/v2\/pages"}],"about":[{"href":"https:\/\/www.allaccessability.it\/es\/wp-json\/wp\/v2\/types\/page"}],"author":[{"embeddable":true,"href":"https:\/\/www.allaccessability.it\/es\/wp-json\/wp\/v2\/users\/2"}],"replies":[{"embeddable":true,"href":"https:\/\/www.allaccessability.it\/es\/wp-json\/wp\/v2\/comments?post=1227"}],"version-history":[{"count":4,"href":"https:\/\/www.allaccessability.it\/es\/wp-json\/wp\/v2\/pages\/1227\/revisions"}],"predecessor-version":[{"id":1284,"href":"https:\/\/www.allaccessability.it\/es\/wp-json\/wp\/v2\/pages\/1227\/revisions\/1284"}],"up":[{"embeddable":true,"href":"https:\/\/www.allaccessability.it\/es\/wp-json\/wp\/v2\/pages\/1151"}],"wp:attachment":[{"href":"https:\/\/www.allaccessability.it\/es\/wp-json\/wp\/v2\/media?parent=1227"}],"curies":[{"name":"wp","href":"https:\/\/api.w.org\/{rel}","templated":true}]}}